{"id":15,"date":"2022-04-11T12:26:48","date_gmt":"2022-04-11T12:26:48","guid":{"rendered":"https:\/\/www.mphidrolik.com\/?page_id=15"},"modified":"2026-03-04T07:02:35","modified_gmt":"2026-03-04T04:02:35","slug":"uygulama-ve-faaliyetlerimiz","status":"publish","type":"page","link":"https:\/\/www.mphidrolik.com\/?page_id=15","title":{"rendered":"Uygulama ve Faaliyetlerimiz"},"content":{"rendered":"\t\t<div data-elementor-type=\"wp-page\" data-elementor-id=\"15\" class=\"elementor elementor-15\" data-elementor-post-type=\"page\">\n\t\t\t\t\t\t<section class=\"elementor-section elementor-top-section elementor-element elementor-element-2f50423 elementor-section-full_width elementor-section-stretched elementor-section-height-default elementor-section-height-default\" data-id=\"2f50423\" data-element_type=\"section\" data-e-type=\"section\" data-settings=\"{&quot;stretch_section&quot;:&quot;section-stretched&quot;,&quot;background_background&quot;:&quot;classic&quot;}\">\n\t\t\t\t\t\t<div class=\"elementor-container elementor-column-gap-wider\">\n\t\t\t\t\t<div class=\"elementor-column elementor-col-100 elementor-top-column elementor-element elementor-element-0ee143e\" data-id=\"0ee143e\" data-element_type=\"column\" data-e-type=\"column\">\n\t\t\t<div class=\"elementor-widget-wrap elementor-element-populated\">\n\t\t\t\t\t\t<section class=\"elementor-section elementor-inner-section elementor-element elementor-element-6e7fbe9 elementor-section-full_width elementor-section-height-default elementor-section-height-default\" data-id=\"6e7fbe9\" data-element_type=\"section\" data-e-type=\"section\">\n\t\t\t\t\t\t<div class=\"elementor-container elementor-column-gap-default\">\n\t\t\t\t\t<div class=\"elementor-column elementor-col-100 elementor-inner-column elementor-element elementor-element-91d9dbe\" data-id=\"91d9dbe\" data-element_type=\"column\" data-e-type=\"column\">\n\t\t\t<div class=\"elementor-widget-wrap elementor-element-populated\">\n\t\t\t\t\t\t<div class=\"elementor-element elementor-element-e0243a3 elementor-widget elementor-widget-heading\" data-id=\"e0243a3\" data-element_type=\"widget\" data-e-type=\"widget\" data-widget_type=\"heading.default\">\n\t\t\t\t\t<h2 class=\"elementor-heading-title elementor-size-default\">Hizmet ve Uygulama Alanlar\u0131m\u0131z<\/h2>\t\t\t\t<\/div>\n\t\t\t\t\t<\/div>\n\t\t<\/div>\n\t\t\t\t\t<\/div>\n\t\t<\/section>\n\t\t\t\t\t<\/div>\n\t\t<\/div>\n\t\t\t\t\t<\/div>\n\t\t<\/section>\n\t\t\t\t<section class=\"elementor-section elementor-top-section elementor-element elementor-element-7daf808 elementor-section-stretched elementor-section-boxed elementor-section-height-default elementor-section-height-default\" data-id=\"7daf808\" data-element_type=\"section\" data-e-type=\"section\" data-settings=\"{&quot;stretch_section&quot;:&quot;section-stretched&quot;}\">\n\t\t\t\t\t\t<div class=\"elementor-container elementor-column-gap-wider\">\n\t\t\t\t\t<div class=\"elementor-column elementor-col-100 elementor-top-column elementor-element elementor-element-de35243\" data-id=\"de35243\" data-element_type=\"column\" data-e-type=\"column\">\n\t\t\t<div class=\"elementor-widget-wrap elementor-element-populated\">\n\t\t\t\t\t\t<section class=\"elementor-section elementor-inner-section elementor-element elementor-element-ba50ebc elementor-section-boxed elementor-section-height-default elementor-section-height-default\" data-id=\"ba50ebc\" data-element_type=\"section\" data-e-type=\"section\">\n\t\t\t\t\t\t<div class=\"elementor-container elementor-column-gap-default\">\n\t\t\t\t\t<div class=\"elementor-column elementor-col-33 elementor-inner-column elementor-element elementor-element-aa07805\" data-id=\"aa07805\" data-element_type=\"column\" data-e-type=\"column\">\n\t\t\t<div class=\"elementor-widget-wrap elementor-element-populated\">\n\t\t\t\t\t\t<div class=\"elementor-element elementor-element-f83fc82 elementor-position-top elementor-widget elementor-widget-image-box\" data-id=\"f83fc82\" data-element_type=\"widget\" data-e-type=\"widget\" data-widget_type=\"image-box.default\">\n\t\t\t\t\t<div class=\"elementor-image-box-wrapper\"><figure class=\"elementor-image-box-img\"><a href=\"https:\/\/www.mphidrolik.com\/?page_id=408\" tabindex=\"-1\"><img decoding=\"async\" src=\"https:\/\/www.mphidrolik.com\/wp-content\/uploads\/elementor\/thumbs\/WhatsApp-Image-2026-02-22-at-18.55.54-1-rjzlnzvwyx3vpdr77ahozklnizyq4aysh3omriq308.jpeg\" title=\"WhatsApp Image 2026-02-22 at 18.55.54 (1)\" alt=\"WhatsApp Image 2026-02-22 at 18.55.54 (1)\" class=\"elementor-animation-float\" loading=\"lazy\" \/><\/a><\/figure><div class=\"elementor-image-box-content\"><h4 class=\"elementor-image-box-title\"><a href=\"https:\/\/www.mphidrolik.com\/?page_id=408\">\u00dcnite \u0130malat\u0131<\/a><\/h4><\/div><\/div>\t\t\t\t<\/div>\n\t\t\t\t\t<\/div>\n\t\t<\/div>\n\t\t\t\t<div class=\"elementor-column elementor-col-33 elementor-inner-column elementor-element elementor-element-f6fffcc\" data-id=\"f6fffcc\" data-element_type=\"column\" data-e-type=\"column\">\n\t\t\t<div class=\"elementor-widget-wrap elementor-element-populated\">\n\t\t\t\t\t\t<div class=\"elementor-element elementor-element-00af5e2 elementor-position-top elementor-widget elementor-widget-image-box\" data-id=\"00af5e2\" data-element_type=\"widget\" data-e-type=\"widget\" data-widget_type=\"image-box.default\">\n\t\t\t\t\t<div class=\"elementor-image-box-wrapper\"><figure class=\"elementor-image-box-img\"><a href=\"https:\/\/www.mphidrolik.com\/?page_id=471\" tabindex=\"-1\"><img decoding=\"async\" src=\"https:\/\/www.mphidrolik.com\/wp-content\/uploads\/elementor\/thumbs\/WhatsApp-Image-2026-02-22-at-18.56.52-1-rjzlp3d4xylx905usrk0wan0h6k53lbimj30x53jqw.jpeg\" title=\"WhatsApp Image 2026-02-22 at 18.56.52 (1)\" alt=\"WhatsApp Image 2026-02-22 at 18.56.52 (1)\" class=\"elementor-animation-float\" loading=\"lazy\" \/><\/a><\/figure><div class=\"elementor-image-box-content\"><h4 class=\"elementor-image-box-title\"><a href=\"https:\/\/www.mphidrolik.com\/?page_id=471\">Pompa Tamiri<\/a><\/h4><\/div><\/div>\t\t\t\t<\/div>\n\t\t\t\t\t<\/div>\n\t\t<\/div>\n\t\t\t\t<div class=\"elementor-column elementor-col-33 elementor-inner-column elementor-element elementor-element-1b05d7d\" data-id=\"1b05d7d\" data-element_type=\"column\" data-e-type=\"column\">\n\t\t\t<div class=\"elementor-widget-wrap elementor-element-populated\">\n\t\t\t\t\t\t<div class=\"elementor-element elementor-element-1b711a0 elementor-position-top elementor-widget elementor-widget-image-box\" data-id=\"1b711a0\" data-element_type=\"widget\" data-e-type=\"widget\" data-widget_type=\"image-box.default\">\n\t\t\t\t\t<div class=\"elementor-image-box-wrapper\"><figure class=\"elementor-image-box-img\"><a href=\"https:\/\/www.mphidrolik.com\/?page_id=502\" tabindex=\"-1\"><img decoding=\"async\" src=\"https:\/\/www.mphidrolik.com\/wp-content\/uploads\/elementor\/thumbs\/WhatsApp-Image-2026-02-22-at-18.57.07-1-rjzltvdlon5e9n7zwbwr2l8d6p0b87aea6gvqs0i48.jpeg\" title=\"WhatsApp Image 2026-02-22 at 18.57.07 (1)\" alt=\"WhatsApp Image 2026-02-22 at 18.57.07 (1)\" class=\"elementor-animation-float\" loading=\"lazy\" \/><\/a><\/figure><div class=\"elementor-image-box-content\"><h4 class=\"elementor-image-box-title\"><a href=\"https:\/\/www.mphidrolik.com\/?page_id=502\">PLC Otomasyon Yaz\u0131l\u0131m Servisi<\/a><\/h4><\/div><\/div>\t\t\t\t<\/div>\n\t\t\t\t\t<\/div>\n\t\t<\/div>\n\t\t\t\t\t<\/div>\n\t\t<\/section>\n\t\t\t\t<section class=\"elementor-section elementor-inner-section elementor-element elementor-element-de68a3c elementor-section-boxed elementor-section-height-default elementor-section-height-default\" data-id=\"de68a3c\" data-element_type=\"section\" data-e-type=\"section\">\n\t\t\t\t\t\t<div class=\"elementor-container elementor-column-gap-default\">\n\t\t\t\t\t<div class=\"elementor-column elementor-col-33 elementor-inner-column elementor-element elementor-element-05d9497\" data-id=\"05d9497\" data-element_type=\"column\" data-e-type=\"column\">\n\t\t\t<div class=\"elementor-widget-wrap elementor-element-populated\">\n\t\t\t\t\t\t<div class=\"elementor-element elementor-element-cd1a288 elementor-position-top elementor-widget elementor-widget-image-box\" data-id=\"cd1a288\" data-element_type=\"widget\" data-e-type=\"widget\" data-widget_type=\"image-box.default\">\n\t\t\t\t\t<div class=\"elementor-image-box-wrapper\"><figure class=\"elementor-image-box-img\"><a href=\"https:\/\/www.mphidrolik.com\/?page_id=512\" tabindex=\"-1\"><img decoding=\"async\" src=\"https:\/\/www.mphidrolik.com\/wp-content\/uploads\/elementor\/thumbs\/WhatsApp-Image-2026-02-22-at-18.56.20-rjzlupgfrcakl60b0owtadn470w22ilt2bcf3mrwl4.jpeg\" title=\"WhatsApp Image 2026-02-22 at 18.56.20\" alt=\"WhatsApp Image 2026-02-22 at 18.56.20\" class=\"elementor-animation-float\" loading=\"lazy\" \/><\/a><\/figure><div class=\"elementor-image-box-content\"><h4 class=\"elementor-image-box-title\"><a href=\"https:\/\/www.mphidrolik.com\/?page_id=512\">\u00d6n Dolum Valfi<\/a><\/h4><\/div><\/div>\t\t\t\t<\/div>\n\t\t\t\t\t<\/div>\n\t\t<\/div>\n\t\t\t\t<div class=\"elementor-column elementor-col-33 elementor-inner-column elementor-element elementor-element-bd193fc\" data-id=\"bd193fc\" data-element_type=\"column\" data-e-type=\"column\">\n\t\t\t<div class=\"elementor-widget-wrap elementor-element-populated\">\n\t\t\t\t\t\t<div class=\"elementor-element elementor-element-3be5546 elementor-position-top elementor-widget elementor-widget-image-box\" data-id=\"3be5546\" data-element_type=\"widget\" data-e-type=\"widget\" data-widget_type=\"image-box.default\">\n\t\t\t\t\t<div class=\"elementor-image-box-wrapper\"><figure class=\"elementor-image-box-img\"><a href=\"https:\/\/www.mphidrolik.com\/?page_id=522\" tabindex=\"-1\"><img decoding=\"async\" src=\"https:\/\/www.mphidrolik.com\/wp-content\/uploads\/elementor\/thumbs\/WhatsApp-Image-2026-02-22-at-18.56.10-rjzlvmcsejjlvioiol4r7nc8zidwjx8euu6ewbf4jc.jpeg\" title=\"WhatsApp Image 2026-02-22 at 18.56.10\" alt=\"WhatsApp Image 2026-02-22 at 18.56.10\" class=\"elementor-animation-float\" loading=\"lazy\" \/><\/a><\/figure><div class=\"elementor-image-box-content\"><h4 class=\"elementor-image-box-title\"><a href=\"https:\/\/www.mphidrolik.com\/?page_id=522\">Oransal Valf ve Kart Tamiri<\/a><\/h4><\/div><\/div>\t\t\t\t<\/div>\n\t\t\t\t\t<\/div>\n\t\t<\/div>\n\t\t\t\t<div class=\"elementor-column elementor-col-33 elementor-inner-column elementor-element elementor-element-1a25ecd\" data-id=\"1a25ecd\" data-element_type=\"column\" data-e-type=\"column\">\n\t\t\t<div class=\"elementor-widget-wrap elementor-element-populated\">\n\t\t\t\t\t\t<div class=\"elementor-element elementor-element-8f7a6c3 elementor-position-top elementor-widget elementor-widget-image-box\" data-id=\"8f7a6c3\" data-element_type=\"widget\" data-e-type=\"widget\" data-widget_type=\"image-box.default\">\n\t\t\t\t\t<div class=\"elementor-image-box-wrapper\"><figure class=\"elementor-image-box-img\"><a href=\"https:\/\/www.mphidrolik.com\/?page_id=532\" tabindex=\"-1\"><img decoding=\"async\" src=\"https:\/\/www.mphidrolik.com\/wp-content\/uploads\/elementor\/thumbs\/WhatsApp-Image-2026-02-22-at-18.56.39-rjzlwyak33d8bmqvwnuq8t8ra5tmghiq1fg6dfg1q0.jpeg\" title=\"WhatsApp Image 2026-02-22 at 18.56.39\" alt=\"WhatsApp Image 2026-02-22 at 18.56.39\" class=\"elementor-animation-float\" loading=\"lazy\" \/><\/a><\/figure><div class=\"elementor-image-box-content\"><h4 class=\"elementor-image-box-title\"><a href=\"https:\/\/www.mphidrolik.com\/?page_id=532\">M\u00fchendislik Ar\u0131za Servis Bak\u0131m<\/a><\/h4><\/div><\/div>\t\t\t\t<\/div>\n\t\t\t\t\t<\/div>\n\t\t<\/div>\n\t\t\t\t\t<\/div>\n\t\t<\/section>\n\t\t\t\t<section class=\"elementor-section elementor-inner-section elementor-element elementor-element-bbb5b93 elementor-section-boxed elementor-section-height-default elementor-section-height-default\" data-id=\"bbb5b93\" data-element_type=\"section\" data-e-type=\"section\">\n\t\t\t\t\t\t<div class=\"elementor-container elementor-column-gap-default\">\n\t\t\t\t\t<div class=\"elementor-column elementor-col-33 elementor-inner-column elementor-element elementor-element-2fa6b00\" data-id=\"2fa6b00\" data-element_type=\"column\" data-e-type=\"column\">\n\t\t\t<div class=\"elementor-widget-wrap elementor-element-populated\">\n\t\t\t\t\t\t<div class=\"elementor-element elementor-element-52fbf04 elementor-position-top elementor-widget elementor-widget-image-box\" data-id=\"52fbf04\" data-element_type=\"widget\" data-e-type=\"widget\" data-widget_type=\"image-box.default\">\n\t\t\t\t\t<div class=\"elementor-image-box-wrapper\"><figure class=\"elementor-image-box-img\"><a href=\"https:\/\/www.mphidrolik.com\/?page_id=566\" tabindex=\"-1\"><img decoding=\"async\" src=\"https:\/\/www.mphidrolik.com\/wp-content\/uploads\/elementor\/thumbs\/WhatsApp-Image-2026-02-22-at-18.56.28-rjzlxkuon48429u48xlrwnjtjeqfl80a4j3tw2ilko.jpeg\" title=\"WhatsApp Image 2026-02-22 at 18.56.28\" alt=\"WhatsApp Image 2026-02-22 at 18.56.28\" class=\"elementor-animation-float\" loading=\"lazy\" \/><\/a><\/figure><div class=\"elementor-image-box-content\"><h4 class=\"elementor-image-box-title\"><a href=\"https:\/\/www.mphidrolik.com\/?page_id=566\">Hidrolik Silindir \u0130malat Servisi<\/a><\/h4><\/div><\/div>\t\t\t\t<\/div>\n\t\t\t\t\t<\/div>\n\t\t<\/div>\n\t\t\t\t<div class=\"elementor-column elementor-col-33 elementor-inner-column elementor-element elementor-element-a02a68f\" data-id=\"a02a68f\" data-element_type=\"column\" data-e-type=\"column\">\n\t\t\t<div class=\"elementor-widget-wrap elementor-element-populated\">\n\t\t\t\t\t\t<div class=\"elementor-element elementor-element-a9e1b0c elementor-position-top elementor-widget elementor-widget-image-box\" data-id=\"a9e1b0c\" data-element_type=\"widget\" data-e-type=\"widget\" data-widget_type=\"image-box.default\">\n\t\t\t\t\t<div class=\"elementor-image-box-wrapper\"><figure class=\"elementor-image-box-img\"><a href=\"https:\/\/www.mphidrolik.com\/?page_id=583\" tabindex=\"-1\"><img decoding=\"async\" src=\"https:\/\/www.mphidrolik.com\/wp-content\/uploads\/elementor\/thumbs\/WhatsApp-Image-2026-02-22-at-18.56.37-1-rjzlyd1uc5apqkp5o9skzgfncyvg05488eoeadcse0.jpeg\" title=\"WhatsApp Image 2026-02-22 at 18.56.37\" alt=\"WhatsApp Image 2026-02-22 at 18.56.37\" class=\"elementor-animation-float\" loading=\"lazy\" \/><\/a><\/figure><div class=\"elementor-image-box-content\"><h4 class=\"elementor-image-box-title\"><a href=\"https:\/\/www.mphidrolik.com\/?page_id=583\">Hidrolik Pres \u0130malat\u0131<\/a><\/h4><\/div><\/div>\t\t\t\t<\/div>\n\t\t\t\t\t<\/div>\n\t\t<\/div>\n\t\t\t\t<div class=\"elementor-column elementor-col-33 elementor-inner-column elementor-element elementor-element-e62ff9d\" data-id=\"e62ff9d\" data-element_type=\"column\" data-e-type=\"column\">\n\t\t\t<div class=\"elementor-widget-wrap elementor-element-populated\">\n\t\t\t\t\t\t<div class=\"elementor-element elementor-element-2ba27bd elementor-position-top elementor-widget elementor-widget-image-box\" data-id=\"2ba27bd\" data-element_type=\"widget\" data-e-type=\"widget\" data-widget_type=\"image-box.default\">\n\t\t\t\t\t<div class=\"elementor-image-box-wrapper\"><figure class=\"elementor-image-box-img\"><a href=\"https:\/\/www.mphidrolik.com\/?page_id=601\" tabindex=\"-1\"><img decoding=\"async\" src=\"https:\/\/www.mphidrolik.com\/wp-content\/uploads\/elementor\/thumbs\/WhatsApp-Image-2026-02-22-at-18.56.58-rjzlz59016dbevk73lze29bh6j0gf286ca8yoo6z7c.jpeg\" title=\"WhatsApp Image 2026-02-22 at 18.56.58\" alt=\"WhatsApp Image 2026-02-22 at 18.56.58\" class=\"elementor-animation-float\" loading=\"lazy\" \/><\/a><\/figure><div class=\"elementor-image-box-content\"><h4 class=\"elementor-image-box-title\"><a href=\"https:\/\/www.mphidrolik.com\/?page_id=601\">Ekstr\u00fczyon Pres Kovan Z\u0131mba \u0130malat\u0131<\/a><\/h4><\/div><\/div>\t\t\t\t<\/div>\n\t\t\t\t\t<\/div>\n\t\t<\/div>\n\t\t\t\t\t<\/div>\n\t\t<\/section>\n\t\t\t\t<section class=\"elementor-section elementor-inner-section elementor-element elementor-element-9ca500a elementor-section-boxed elementor-section-height-default elementor-section-height-default\" data-id=\"9ca500a\" data-element_type=\"section\" data-e-type=\"section\">\n\t\t\t\t\t\t<div class=\"elementor-container elementor-column-gap-default\">\n\t\t\t\t\t<div class=\"elementor-column elementor-col-33 elementor-inner-column elementor-element elementor-element-5863bb9\" data-id=\"5863bb9\" data-element_type=\"column\" data-e-type=\"column\">\n\t\t\t<div class=\"elementor-widget-wrap elementor-element-populated\">\n\t\t\t\t\t\t<div class=\"elementor-element elementor-element-f2b8eb7 elementor-position-top elementor-widget elementor-widget-image-box\" data-id=\"f2b8eb7\" data-element_type=\"widget\" data-e-type=\"widget\" data-widget_type=\"image-box.default\">\n\t\t\t\t\t<div class=\"elementor-image-box-wrapper\"><figure class=\"elementor-image-box-img\"><a href=\"https:\/\/www.mphidrolik.com\/?page_id=611\" tabindex=\"-1\"><img decoding=\"async\" src=\"https:\/\/www.mphidrolik.com\/wp-content\/uploads\/elementor\/thumbs\/WhatsApp-Image-2026-02-22-at-18.56.35-1-rjzlzpxg7j5miaq5qux6l43m906j4ei9r4ln8rcbeg.jpeg\" title=\"WhatsApp Image 2026-02-22 at 18.56.35 (1)\" alt=\"WhatsApp Image 2026-02-22 at 18.56.35 (1)\" class=\"elementor-animation-float\" loading=\"lazy\" \/><\/a><\/figure><div class=\"elementor-image-box-content\"><h4 class=\"elementor-image-box-title\"><a href=\"https:\/\/www.mphidrolik.com\/?page_id=611\">Boru Tesisat\u0131<\/a><\/h4><\/div><\/div>\t\t\t\t<\/div>\n\t\t\t\t\t<\/div>\n\t\t<\/div>\n\t\t\t\t<div class=\"elementor-column elementor-col-33 elementor-inner-column elementor-element elementor-element-1e74f50\" data-id=\"1e74f50\" data-element_type=\"column\" data-e-type=\"column\">\n\t\t\t<div class=\"elementor-widget-wrap elementor-element-populated\">\n\t\t\t\t\t\t<div class=\"elementor-element elementor-element-8dee24b elementor-position-top elementor-widget elementor-widget-image-box\" data-id=\"8dee24b\" data-element_type=\"widget\" data-e-type=\"widget\" data-widget_type=\"image-box.default\">\n\t\t\t\t\t<div class=\"elementor-image-box-wrapper\"><figure class=\"elementor-image-box-img\"><a href=\"https:\/\/www.mphidrolik.com\/?page_id=622\" tabindex=\"-1\"><img decoding=\"async\" src=\"https:\/\/www.mphidrolik.com\/wp-content\/uploads\/elementor\/thumbs\/WhatsApp-Image-2026-02-22-at-18.55.34-2-rjzm0g8xiw5njdnxh6aqixgivskt3xer6qv8oi9ak8.jpeg\" title=\"WhatsApp Image 2026-02-22 at 18.55.34 (2)\" alt=\"WhatsApp Image 2026-02-22 at 18.55.34 (2)\" class=\"elementor-animation-float\" loading=\"lazy\" \/><\/a><\/figure><div class=\"elementor-image-box-content\"><h4 class=\"elementor-image-box-title\"><a href=\"https:\/\/www.mphidrolik.com\/?page_id=622\">Blok \u0130malat\u0131<\/a><\/h4><\/div><\/div>\t\t\t\t<\/div>\n\t\t\t\t\t<\/div>\n\t\t<\/div>\n\t\t\t\t<div class=\"elementor-column elementor-col-33 elementor-inner-column elementor-element elementor-element-e304533\" data-id=\"e304533\" data-element_type=\"column\" data-e-type=\"column\">\n\t\t\t<div class=\"elementor-widget-wrap elementor-element-populated\">\n\t\t\t\t\t\t<div class=\"elementor-element elementor-element-7b13839 elementor-position-top elementor-widget elementor-widget-image-box\" data-id=\"7b13839\" data-element_type=\"widget\" data-e-type=\"widget\" data-widget_type=\"image-box.default\">\n\t\t\t\t\t<div class=\"elementor-image-box-wrapper\"><figure class=\"elementor-image-box-img\"><a href=\"https:\/\/www.mphidrolik.com\/?page_id=643\" tabindex=\"-1\"><img decoding=\"async\" src=\"https:\/\/www.mphidrolik.com\/wp-content\/uploads\/elementor\/thumbs\/WhatsApp-Image-2026-02-22-at-18.56.45-2-rjzm1b9lsfc46ievg1pfb7mqhibx5xtwb0e9imzauw.jpeg\" title=\"WhatsApp Image 2026-02-22 at 18.56.45 (2)\" alt=\"WhatsApp Image 2026-02-22 at 18.56.45 (2)\" class=\"elementor-animation-float\" loading=\"lazy\" \/><\/a><\/figure><div class=\"elementor-image-box-content\"><h4 class=\"elementor-image-box-title\"><a href=\"https:\/\/www.mphidrolik.com\/?page_id=643\">Ak\u00fcm\u00fclat\u00f6r \u0130malat Servis Test<\/a><\/h4><\/div><\/div>\t\t\t\t<\/div>\n\t\t\t\t\t<\/div>\n\t\t<\/div>\n\t\t\t\t\t<\/div>\n\t\t<\/section>\n\t\t\t\t\t<\/div>\n\t\t<\/div>\n\t\t\t\t\t<\/div>\n\t\t<\/section>\n\t\t\t\t<section class=\"elementor-section elementor-top-section elementor-element elementor-element-33e5b4a elementor-section-stretched elementor-section-boxed elementor-section-height-default elementor-section-height-default\" data-id=\"33e5b4a\" data-element_type=\"section\" data-e-type=\"section\" data-settings=\"{&quot;stretch_section&quot;:&quot;section-stretched&quot;,&quot;background_background&quot;:&quot;classic&quot;}\">\n\t\t\t\t\t\t<div class=\"elementor-container elementor-column-gap-no\">\n\t\t\t\t\t<div class=\"elementor-column elementor-col-100 elementor-top-column elementor-element elementor-element-099cfd8\" data-id=\"099cfd8\" data-element_type=\"column\" data-e-type=\"column\">\n\t\t\t<div class=\"elementor-widget-wrap elementor-element-populated\">\n\t\t\t\t\t\t<section class=\"elementor-section elementor-inner-section elementor-element elementor-element-1ddf935 elementor-section-boxed elementor-section-height-default elementor-section-height-default\" data-id=\"1ddf935\" data-element_type=\"section\" data-e-type=\"section\">\n\t\t\t\t\t\t<div class=\"elementor-container elementor-column-gap-no\">\n\t\t\t\t\t<div class=\"elementor-column elementor-col-50 elementor-inner-column elementor-element elementor-element-1691b80\" data-id=\"1691b80\" data-element_type=\"column\" data-e-type=\"column\">\n\t\t\t<div class=\"elementor-widget-wrap elementor-element-populated\">\n\t\t\t\t\t\t<div class=\"elementor-element elementor-element-78e2a70 elementor-widget elementor-widget-heading\" data-id=\"78e2a70\" data-element_type=\"widget\" data-e-type=\"widget\" data-widget_type=\"heading.default\">\n\t\t\t\t\t<h3 class=\"elementor-heading-title elementor-size-default\">Bizimle \u0130leti\u015fime Ge\u00e7in<\/h3>\t\t\t\t<\/div>\n\t\t\t\t<div class=\"elementor-element elementor-element-1222749 elementor-view-framed elementor-shape-circle elementor-widget elementor-widget-icon\" data-id=\"1222749\" data-element_type=\"widget\" data-e-type=\"widget\" data-widget_type=\"icon.default\">\n\t\t\t\t\t\t\t<div class=\"elementor-icon-wrapper\">\n\t\t\t<a class=\"elementor-icon\" href=\"https:\/\/www.mphidrolik.com\/?page_id=20\">\n\t\t\t<svg aria-hidden=\"true\" class=\"e-font-icon-svg e-fas-arrow-right\" viewBox=\"0 0 448 512\" xmlns=\"http:\/\/www.w3.org\/2000\/svg\"><path d=\"M190.5 66.9l22.2-22.2c9.4-9.4 24.6-9.4 33.9 0L441 239c9.4 9.4 9.4 24.6 0 33.9L246.6 467.3c-9.4 9.4-24.6 9.4-33.9 0l-22.2-22.2c-9.5-9.5-9.3-25 .4-34.3L311.4 296H24c-13.3 0-24-10.7-24-24v-32c0-13.3 10.7-24 24-24h287.4L190.9 101.2c-9.8-9.3-10-24.8-.4-34.3z\"><\/path><\/svg>\t\t\t<\/a>\n\t\t<\/div>\n\t\t\t\t\t\t<\/div>\n\t\t\t\t\t<\/div>\n\t\t<\/div>\n\t\t\t\t<div class=\"elementor-column elementor-col-50 elementor-inner-column elementor-element elementor-element-4ffef48\" data-id=\"4ffef48\" data-element_type=\"column\" data-e-type=\"column\">\n\t\t\t<div class=\"elementor-widget-wrap elementor-element-populated\">\n\t\t\t\t\t\t<div class=\"elementor-element elementor-element-761c1a8 elementor-widget elementor-widget-image\" data-id=\"761c1a8\" data-element_type=\"widget\" data-e-type=\"widget\" data-widget_type=\"image.default\">\n\t\t\t\t\t\t\t\t\t\t\t\t\t\t\t<img fetchpriority=\"high\" decoding=\"async\" width=\"670\" height=\"602\" src=\"https:\/\/www.mphidrolik.com\/wp-content\/uploads\/2026\/03\/contact-us-footer.png\" class=\"attachment-full size-full wp-image-365\" alt=\"\" srcset=\"https:\/\/www.mphidrolik.com\/wp-content\/uploads\/2026\/03\/contact-us-footer.png 670w, https:\/\/www.mphidrolik.com\/wp-content\/uploads\/2026\/03\/contact-us-footer-500x449.png 500w, https:\/\/www.mphidrolik.com\/wp-content\/uploads\/2026\/03\/contact-us-footer-300x270.png 300w, https:\/\/www.mphidrolik.com\/wp-content\/uploads\/2026\/03\/contact-us-footer-83x75.png 83w, https:\/\/www.mphidrolik.com\/wp-content\/uploads\/2026\/03\/contact-us-footer-480x431.png 480w\" sizes=\"(max-width:767px) 480px, 670px\" \/>\t\t\t\t\t\t\t\t\t\t\t\t\t\t\t<\/div>\n\t\t\t\t\t<\/div>\n\t\t<\/div>\n\t\t\t\t\t<\/div>\n\t\t<\/section>\n\t\t\t\t\t<\/div>\n\t\t<\/div>\n\t\t\t\t\t<\/div>\n\t\t<\/section>\n\t\t\t\t<\/div>\n\t\t","protected":false},"excerpt":{"rendered":"<p>Hizmet ve Uygulama Alanlar\u0131m\u0131z \u00dcnite \u0130malat\u0131 Pompa Tamiri PLC Otomasyon Yaz\u0131l\u0131m Servisi \u00d6n Dolum Valfi Oransal Valf ve Kart Tamiri M\u00fchendislik Ar\u0131za Servis Bak\u0131m Hidrolik Silindir<span class=\"excerpt-hellip\"> [\u2026]<\/span><\/p>\n","protected":false},"author":1,"featured_media":0,"parent":0,"menu_order":0,"comment_status":"closed","ping_status":"closed","template":"","meta":{"footnotes":""},"class_list":["post-15","page","type-page","status-publish","hentry"],"_links":{"self":[{"href":"https:\/\/www.mphidrolik.com\/index.php?rest_route=\/wp\/v2\/pages\/15","targetHints":{"allow":["GET"]}}],"collection":[{"href":"https:\/\/www.mphidrolik.com\/index.php?rest_route=\/wp\/v2\/pages"}],"about":[{"href":"https:\/\/www.mphidrolik.com\/index.php?rest_route=\/wp\/v2\/types\/page"}],"author":[{"embeddable":true,"href":"https:\/\/www.mphidrolik.com\/index.php?rest_route=\/wp\/v2\/users\/1"}],"replies":[{"embeddable":true,"href":"https:\/\/www.mphidrolik.com\/index.php?rest_route=%2Fwp%2Fv2%2Fcomments&post=15"}],"version-history":[{"count":17,"href":"https:\/\/www.mphidrolik.com\/index.php?rest_route=\/wp\/v2\/pages\/15\/revisions"}],"predecessor-version":[{"id":712,"href":"https:\/\/www.mphidrolik.com\/index.php?rest_route=\/wp\/v2\/pages\/15\/revisions\/712"}],"wp:attachment":[{"href":"https:\/\/www.mphidrolik.com\/index.php?rest_route=%2Fwp%2Fv2%2Fmedia&parent=15"}],"curies":[{"name":"wp","href":"https:\/\/api.w.org\/{rel}","templated":true}]}}