{"id":13,"date":"2022-04-11T12:24:19","date_gmt":"2022-04-11T12:24:19","guid":{"rendered":"https:\/\/www.mphidrolik.com\/?page_id=13"},"modified":"2026-03-05T01:12:22","modified_gmt":"2026-03-04T22:12:22","slug":"hakkimizda","status":"publish","type":"page","link":"https:\/\/www.mphidrolik.com\/?page_id=13","title":{"rendered":"Hakk\u0131m\u0131zda"},"content":{"rendered":"\t\t<div data-elementor-type=\"wp-page\" data-elementor-id=\"13\" class=\"elementor elementor-13\" data-elementor-post-type=\"page\">\n\t\t\t\t\t\t<section class=\"elementor-section elementor-top-section elementor-element elementor-element-31648a5 elementor-section-full_width elementor-section-stretched elementor-section-height-default elementor-section-height-default\" data-id=\"31648a5\" data-element_type=\"section\" data-e-type=\"section\" data-settings=\"{&quot;stretch_section&quot;:&quot;section-stretched&quot;,&quot;background_background&quot;:&quot;classic&quot;}\">\n\t\t\t\t\t\t<div class=\"elementor-container elementor-column-gap-wider\">\n\t\t\t\t\t<div class=\"elementor-column elementor-col-100 elementor-top-column elementor-element elementor-element-728b2ab\" data-id=\"728b2ab\" data-element_type=\"column\" data-e-type=\"column\">\n\t\t\t<div class=\"elementor-widget-wrap elementor-element-populated\">\n\t\t\t\t\t\t<section class=\"elementor-section elementor-inner-section elementor-element elementor-element-f9128d0 elementor-section-full_width elementor-section-height-default elementor-section-height-default\" data-id=\"f9128d0\" data-element_type=\"section\" data-e-type=\"section\">\n\t\t\t\t\t\t<div class=\"elementor-container elementor-column-gap-default\">\n\t\t\t\t\t<div class=\"elementor-column elementor-col-50 elementor-inner-column elementor-element elementor-element-1d523dd\" data-id=\"1d523dd\" data-element_type=\"column\" data-e-type=\"column\">\n\t\t\t<div class=\"elementor-widget-wrap elementor-element-populated\">\n\t\t\t\t\t\t<div class=\"elementor-element elementor-element-59e2c5d elementor-widget elementor-widget-heading\" data-id=\"59e2c5d\" data-element_type=\"widget\" data-e-type=\"widget\" data-widget_type=\"heading.default\">\n\t\t\t\t\t<h2 class=\"elementor-heading-title elementor-size-default\">Hakk\u0131m\u0131zda<\/h2>\t\t\t\t<\/div>\n\t\t\t\t<div class=\"elementor-element elementor-element-5d13ebc elementor-widget-tablet__width-initial elementor-widget elementor-widget-heading\" data-id=\"5d13ebc\" data-element_type=\"widget\" data-e-type=\"widget\" data-widget_type=\"heading.default\">\n\t\t\t\t\t<h5 class=\"elementor-heading-title elementor-size-default\">MP Hidrolik 2008 y\u0131l\u0131nda \u00fc\u00e7 ortak ile DES \u2018de kurulmu\u015ftur. 2010 y\u0131l\u0131nda aile \u015firketi olarak E-5 \u00fczeri Ey\u00fcp\u2019te faaliyetlerini s\u00fcrd\u00fcrmektedir. MP Hidrolik ; daha \u00e7ok Sistem Uygulama M\u00fchendisli\u011fi yapt\u0131\u011f\u0131 i\u00e7in m\u00fc\u015fterilerinin istekleri do\u011frultusunda Rexroth , Vickers , Kawasaki , Sun ve Hydac  \u00fcr\u00fcnleri ile proje yapmaktad\u0131r.<\/h5>\t\t\t\t<\/div>\n\t\t\t\t\t<\/div>\n\t\t<\/div>\n\t\t\t\t<div class=\"elementor-column elementor-col-50 elementor-inner-column elementor-element elementor-element-1f2f69f\" data-id=\"1f2f69f\" data-element_type=\"column\" data-e-type=\"column\">\n\t\t\t<div class=\"elementor-widget-wrap elementor-element-populated\">\n\t\t\t\t\t\t<div class=\"elementor-element elementor-element-38f0174 elementor-widget elementor-widget-image\" data-id=\"38f0174\" data-element_type=\"widget\" data-e-type=\"widget\" data-widget_type=\"image.default\">\n\t\t\t\t\t\t\t\t\t\t\t\t\t\t\t<img fetchpriority=\"high\" decoding=\"async\" width=\"1536\" height=\"2048\" src=\"https:\/\/www.mphidrolik.com\/wp-content\/uploads\/2026\/03\/ariza-servis-bakim-1.jpeg\" class=\"attachment-full size-full wp-image-548\" alt=\"\" srcset=\"https:\/\/www.mphidrolik.com\/wp-content\/uploads\/2026\/03\/ariza-servis-bakim-1.jpeg 1536w, https:\/\/www.mphidrolik.com\/wp-content\/uploads\/2026\/03\/ariza-servis-bakim-1-375x500.jpeg 375w, https:\/\/www.mphidrolik.com\/wp-content\/uploads\/2026\/03\/ariza-servis-bakim-1-900x1200.jpeg 900w, https:\/\/www.mphidrolik.com\/wp-content\/uploads\/2026\/03\/ariza-servis-bakim-1-225x300.jpeg 225w, https:\/\/www.mphidrolik.com\/wp-content\/uploads\/2026\/03\/ariza-servis-bakim-1-768x1024.jpeg 768w, https:\/\/www.mphidrolik.com\/wp-content\/uploads\/2026\/03\/ariza-servis-bakim-1-1152x1536.jpeg 1152w, https:\/\/www.mphidrolik.com\/wp-content\/uploads\/2026\/03\/ariza-servis-bakim-1-56x75.jpeg 56w, https:\/\/www.mphidrolik.com\/wp-content\/uploads\/2026\/03\/ariza-servis-bakim-1-480x640.jpeg 480w\" sizes=\"(max-width:767px) 480px, (max-width:1536px) 100vw, 1536px\" \/>\t\t\t\t\t\t\t\t\t\t\t\t\t\t\t<\/div>\n\t\t\t\t\t<\/div>\n\t\t<\/div>\n\t\t\t\t\t<\/div>\n\t\t<\/section>\n\t\t\t\t\t<\/div>\n\t\t<\/div>\n\t\t\t\t\t<\/div>\n\t\t<\/section>\n\t\t\t\t<section class=\"elementor-section elementor-top-section elementor-element elementor-element-a6f73e8 elementor-section-stretched elementor-section-boxed elementor-section-height-default elementor-section-height-default\" data-id=\"a6f73e8\" data-element_type=\"section\" data-e-type=\"section\" data-settings=\"{&quot;stretch_section&quot;:&quot;section-stretched&quot;,&quot;background_background&quot;:&quot;classic&quot;}\">\n\t\t\t\t\t\t<div class=\"elementor-container elementor-column-gap-wider\">\n\t\t\t\t\t<div class=\"elementor-column elementor-col-100 elementor-top-column elementor-element elementor-element-fe4b4e4\" data-id=\"fe4b4e4\" data-element_type=\"column\" data-e-type=\"column\">\n\t\t\t<div class=\"elementor-widget-wrap elementor-element-populated\">\n\t\t\t\t\t\t<section class=\"elementor-section elementor-inner-section elementor-element elementor-element-37fd5a9 elementor-section-boxed elementor-section-height-default elementor-section-height-default\" data-id=\"37fd5a9\" data-element_type=\"section\" data-e-type=\"section\">\n\t\t\t\t\t\t<div class=\"elementor-container elementor-column-gap-default\">\n\t\t\t\t\t<div class=\"elementor-column elementor-col-50 elementor-inner-column elementor-element elementor-element-68021c0\" data-id=\"68021c0\" data-element_type=\"column\" data-e-type=\"column\">\n\t\t\t<div class=\"elementor-widget-wrap elementor-element-populated\">\n\t\t\t\t\t\t<div class=\"elementor-element elementor-element-520b42b elementor-widget elementor-widget-image\" data-id=\"520b42b\" data-element_type=\"widget\" data-e-type=\"widget\" data-widget_type=\"image.default\">\n\t\t\t\t\t\t\t\t\t\t\t\t\t\t\t<img decoding=\"async\" width=\"1200\" height=\"1600\" src=\"https:\/\/www.mphidrolik.com\/wp-content\/uploads\/2026\/03\/WhatsApp-Image-2026-02-22-at-18.57.15.jpeg\" class=\"attachment-full size-full wp-image-389\" alt=\"\" srcset=\"https:\/\/www.mphidrolik.com\/wp-content\/uploads\/2026\/03\/WhatsApp-Image-2026-02-22-at-18.57.15.jpeg 1200w, https:\/\/www.mphidrolik.com\/wp-content\/uploads\/2026\/03\/WhatsApp-Image-2026-02-22-at-18.57.15-375x500.jpeg 375w, https:\/\/www.mphidrolik.com\/wp-content\/uploads\/2026\/03\/WhatsApp-Image-2026-02-22-at-18.57.15-900x1200.jpeg 900w, https:\/\/www.mphidrolik.com\/wp-content\/uploads\/2026\/03\/WhatsApp-Image-2026-02-22-at-18.57.15-225x300.jpeg 225w, https:\/\/www.mphidrolik.com\/wp-content\/uploads\/2026\/03\/WhatsApp-Image-2026-02-22-at-18.57.15-768x1024.jpeg 768w, https:\/\/www.mphidrolik.com\/wp-content\/uploads\/2026\/03\/WhatsApp-Image-2026-02-22-at-18.57.15-1152x1536.jpeg 1152w, https:\/\/www.mphidrolik.com\/wp-content\/uploads\/2026\/03\/WhatsApp-Image-2026-02-22-at-18.57.15-56x75.jpeg 56w, https:\/\/www.mphidrolik.com\/wp-content\/uploads\/2026\/03\/WhatsApp-Image-2026-02-22-at-18.57.15-480x640.jpeg 480w\" sizes=\"(max-width:767px) 480px, (max-width:1200px) 100vw, 1200px\" \/>\t\t\t\t\t\t\t\t\t\t\t\t\t\t\t<\/div>\n\t\t\t\t\t<\/div>\n\t\t<\/div>\n\t\t\t\t<div class=\"elementor-column elementor-col-50 elementor-inner-column elementor-element elementor-element-1cd4548\" data-id=\"1cd4548\" data-element_type=\"column\" data-e-type=\"column\">\n\t\t\t<div class=\"elementor-widget-wrap elementor-element-populated\">\n\t\t\t\t\t\t<div class=\"elementor-element elementor-element-fe77656 elementor-widget elementor-widget-heading\" data-id=\"fe77656\" data-element_type=\"widget\" data-e-type=\"widget\" data-widget_type=\"heading.default\">\n\t\t\t\t\t<h3 class=\"elementor-heading-title elementor-size-default\">Vizyonumuz<\/h3>\t\t\t\t<\/div>\n\t\t\t\t<div class=\"elementor-element elementor-element-b8785b9 elementor-widget-tablet__width-initial elementor-widget elementor-widget-heading\" data-id=\"b8785b9\" data-element_type=\"widget\" data-e-type=\"widget\" data-widget_type=\"heading.default\">\n\t\t\t\t\t<h5 class=\"elementor-heading-title elementor-size-default\">MP Hidrolik Sistem Uygulama M\u00fchendisli\u011fi olarak m\u00fc\u015fteri memnuniyetinde ko\u015fulsuz ve tavizsiz proje deste\u011fi vermektir.<\/h5>\t\t\t\t<\/div>\n\t\t\t\t<div class=\"elementor-element elementor-element-ea464fc elementor-widget elementor-widget-heading\" data-id=\"ea464fc\" data-element_type=\"widget\" data-e-type=\"widget\" data-widget_type=\"heading.default\">\n\t\t\t\t\t<h3 class=\"elementor-heading-title elementor-size-default\">Misyonumuz<\/h3>\t\t\t\t<\/div>\n\t\t\t\t<div class=\"elementor-element elementor-element-d630f34 elementor-widget-tablet__width-initial elementor-widget elementor-widget-heading\" data-id=\"d630f34\" data-element_type=\"widget\" data-e-type=\"widget\" data-widget_type=\"heading.default\">\n\t\t\t\t\t<h5 class=\"elementor-heading-title elementor-size-default\">M\u00fc\u015fteri beklentilerini en kaliteli, en ekonomik ve ileri seviyede proje ile \u00fcst\u00fcn bir inan\u00e7 ile hizmet s\u00fcreklili\u011fini sa\u011flamakt\u0131r.<\/h5>\t\t\t\t<\/div>\n\t\t\t\t<div class=\"elementor-element elementor-element-f87a8c7 elementor-widget elementor-widget-heading\" data-id=\"f87a8c7\" data-element_type=\"widget\" data-e-type=\"widget\" data-widget_type=\"heading.default\">\n\t\t\t\t\t<h3 class=\"elementor-heading-title elementor-size-default\">De\u011ferlerimiz<\/h3>\t\t\t\t<\/div>\n\t\t\t\t<div class=\"elementor-element elementor-element-8614e96 elementor-widget-tablet__width-initial elementor-widget elementor-widget-heading\" data-id=\"8614e96\" data-element_type=\"widget\" data-e-type=\"widget\" data-widget_type=\"heading.default\">\n\t\t\t\t\t<h5 class=\"elementor-heading-title elementor-size-default\">\u0130nan\u00e7, kalite, g\u00fcven ve s\u00fcrekliliktir.<\/h5>\t\t\t\t<\/div>\n\t\t\t\t\t<\/div>\n\t\t<\/div>\n\t\t\t\t\t<\/div>\n\t\t<\/section>\n\t\t\t\t\t<\/div>\n\t\t<\/div>\n\t\t\t\t\t<\/div>\n\t\t<\/section>\n\t\t\t\t<\/div>\n\t\t","protected":false},"excerpt":{"rendered":"<p>Hakk\u0131m\u0131zda MP Hidrolik 2008 y\u0131l\u0131nda \u00fc\u00e7 ortak ile DES \u2018de kurulmu\u015ftur. 2010 y\u0131l\u0131nda aile \u015firketi olarak E-5 \u00fczeri Ey\u00fcp\u2019te faaliyetlerini s\u00fcrd\u00fcrmektedir. MP Hidrolik ; daha \u00e7ok<span class=\"excerpt-hellip\"> [\u2026]<\/span><\/p>\n","protected":false},"author":1,"featured_media":0,"parent":0,"menu_order":0,"comment_status":"closed","ping_status":"closed","template":"","meta":{"footnotes":""},"class_list":["post-13","page","type-page","status-publish","hentry"],"_links":{"self":[{"href":"https:\/\/www.mphidrolik.com\/index.php?rest_route=\/wp\/v2\/pages\/13","targetHints":{"allow":["GET"]}}],"collection":[{"href":"https:\/\/www.mphidrolik.com\/index.php?rest_route=\/wp\/v2\/pages"}],"about":[{"href":"https:\/\/www.mphidrolik.com\/index.php?rest_route=\/wp\/v2\/types\/page"}],"author":[{"embeddable":true,"href":"https:\/\/www.mphidrolik.com\/index.php?rest_route=\/wp\/v2\/users\/1"}],"replies":[{"embeddable":true,"href":"https:\/\/www.mphidrolik.com\/index.php?rest_route=%2Fwp%2Fv2%2Fcomments&post=13"}],"version-history":[{"count":16,"href":"https:\/\/www.mphidrolik.com\/index.php?rest_route=\/wp\/v2\/pages\/13\/revisions"}],"predecessor-version":[{"id":728,"href":"https:\/\/www.mphidrolik.com\/index.php?rest_route=\/wp\/v2\/pages\/13\/revisions\/728"}],"wp:attachment":[{"href":"https:\/\/www.mphidrolik.com\/index.php?rest_route=%2Fwp%2Fv2%2Fmedia&parent=13"}],"curies":[{"name":"wp","href":"https:\/\/api.w.org\/{rel}","templated":true}]}}